{"id":10,"date":"2013-08-20T16:02:40","date_gmt":"2013-08-20T16:02:40","guid":{"rendered":"http:\/\/localhost\/madewp\/?page_id=10"},"modified":"2013-10-19T00:15:22","modified_gmt":"2013-10-19T00:15:22","slug":"discografia","status":"publish","type":"page","link":"https:\/\/www.madeleinecr.com\/?page_id=10","title":{"rendered":"Volver a Caminar"},"content":{"rendered":"<p>&nbsp;<\/p>\n<p><strong>Dedicatoria<\/strong><\/p>\n<p>A Gabriel y Sebasti\u00e1n, con todo mi amor de T\u00eda.<\/p>\n<p>&nbsp;<\/p>\n<p><strong>Agradecimientos<\/strong><\/p>\n<p>Gracias Dios por tus regalos en mi vida y por hacerlo todo posible.\u00a0 A Papi por ense\u00f1arme a creer en mi misma y a seguir mis sue\u00f1os siempre en grande, sos un modelo de superaci\u00f3n y excelencia, a Mami por el ejemplo de perseverancia, paciencia y honestidad, gracias por levantarme despu\u00e9s de mis ca\u00eddas,\u00a0a Nin y Mau por el apoyo incondicional y por darme el regalo m\u00e1s bello que una hermana pueda recibir: mis sobrinitos Sebas y Gabito, a ellos gracias por ser mi m\u00e1s bello motivo para componer.\u00a0 Ale gracias por el trabajo desinteresado en la\u00a0fotograf\u00eda, el dise\u00f1o gr\u00e1fico y la p\u00e1gina web, tus palabras de aliento, tu f\u00e9 casi perfecta y por tenerme en oraci\u00f3n, Ann thank you for your help, your support, your wisdom. \u00a0Celso gracias por ense\u00f1arme el camino, a Mario Castro por su trabajo en los arreglos musicales, a la familia Molina Campos por su talento, imaginaci\u00f3n y trabajo incansable, Mol admiro tu creatividad, paciencia y tu facilidad para arreglar, gracias por tu amistad.\u00a0 A Cris y Gloria por impulsarme a ser mejor cada d\u00eda en cuerpo y mente&#8230;SUPER!! \u00a0 A Adri, Ipzela y Mary Fer gracias por sus sugerencias y comentarios. \u00a0A todos los que me han dado una raz\u00f3n para crear una canci\u00f3n, a todos mis amigos por el apoyo en las buenas y en las malas, y a los que han cre\u00eddo en mi cuando otros han dudado, \u00a1\u00a1muchas gracias!!<\/p>\n<p>&nbsp;<\/p>\n<p><strong>Canciones<\/strong><\/p>\n<p><strong><\/strong>1. \u00a0Nunca M\u00e1s \u00a04.16<\/p>\n<p>2. \u00a0Tu Felicidad Lleg\u00f3 \u00a03.51<\/p>\n<p>3. \u00a0S\u00f3lo Quiero Que Me Quieras\u00a0 3.04<\/p>\n<p>4. \u00a0Tu Coraz\u00f3n\u00a0 4.22<\/p>\n<p>5. \u00a0As\u00ed Se Siente\u00a0 4.32<\/p>\n<p>6. \u00a0No Digas Nada\u00a0 3.46<\/p>\n<p>7. \u00a0Vencer\u00e1s\u00a0 3.45<\/p>\n<p>8. \u00a0Volver A Caminar\u00a0 4.08<\/p>\n<p>9. \u00a0Respuestas\u00a0 2.53<\/p>\n<p>10. \u00a0\u00bfD\u00f3nde Fue el Amor?\u00a0 3.42<\/p>\n<p>11. \u00a0Aqu\u00ed Es Tu Lugar\u00a0 4.02<\/p>\n<p>12. \u00a0Tu Respuesta Ser\u00e1 Mi Amor\u00a0 3.41<\/p>\n<p>&nbsp;<\/p>\n<p><strong>Cr\u00e9ditos<\/strong><\/p>\n<p>Producido por Producciones Arte MCR.<\/p>\n<p>Producci\u00f3n Art\u00edstica:\u00a0 Madeleine,\u00a0<a href=\"mailto:contacto@madeleinecr.com\">contacto@madeleinecr.com<\/a><\/p>\n<p>Producci\u00f3n Musical: Juan Jos\u00e9 Molina.<\/p>\n<p>&nbsp;<\/p>\n<p>Grabado, mezclado y masterizado por Juan Jos\u00e9 Molina MC Estudio, Alajuela, Costa Rica.\u00a0<a href=\"http:\/\/www.juanjosemolina.net\">www.juanjosemolina.net<\/a><\/p>\n<p>&nbsp;<\/p>\n<p>Todas las letras originales escritas por Madeleine.<\/p>\n<p>Arreglos musicales y programaci\u00f3n: Mario Castro y Juan Jos\u00e9 Molina.<\/p>\n<p>&nbsp;<\/p>\n<p>M\u00fasicos:<\/p>\n<p>Bater\u00eda: Andr\u00e9s Molina.<\/p>\n<p>Bajo: Sergio Molina.<\/p>\n<p>Pianos y teclados: Mario Castro y Juan Jos\u00e9 Molina.<\/p>\n<p>Guitarras ac\u00fasticas: Juan Jos\u00e9 Molina.<\/p>\n<p>Guitarras el\u00e9ctricas: Sergio Molina.<\/p>\n<p>&nbsp;<\/p>\n<p>Management internacional: Alex Centeno<\/p>\n<p>&nbsp;<\/p>\n<p>Peinado y maquillaje: Ann Beusse.<\/p>\n<p>Fotograf\u00eda: (C)\u00a02012 Alex Centeno.<\/p>\n<p>Locaci\u00f3n: Duck, Carolina del Norte, U.S.A.<\/p>\n<p>&nbsp;<\/p>\n<p>Dise\u00f1o gr\u00e1fico: Alex Centeno<\/p>\n<p><a href=\"http:\/\/www.merkados.com\">www.merkados.com<\/a><\/p>\n<p>(C) &amp; (P) 2013 PRODUCCIONES ARTE MCR.\u00a0 MUY IMPORTANTE: Este fonograma contiene m\u00fasica con derechos de propiedad intelectual protegida a favor de su productor Producciones Arte MCR.\u00a0 La titularidad de los derechos de autor del fonograma se encuentra reconocida en la Ley No. 6683 de Derechos de Autor y Derechos Conexos de la Rep\u00fablica de Costa Rica.\u00a0 Se proh\u00edbe su producci\u00f3n, reproducci\u00f3n, importaci\u00f3n, almacenamiento, transporte, distribuci\u00f3n, comercializaci\u00f3n, venta, arrendamiento o puesta a disposici\u00f3n, as\u00ed como su adaptaci\u00f3n o transformaci\u00f3n y comunicaci\u00f3n directa al p\u00fablico sin la previa autorizaci\u00f3n por escrito del titular.\u00a0 La violaci\u00f3n a esta prohibici\u00f3n constituye un delito sancionado por ley.\u00a0 Hecho en Costa Rica y distribuido por Producciones Arte MCR.<\/p>\n","protected":false},"excerpt":{"rendered":"<p>&nbsp; Dedicatoria A Gabriel y Sebasti\u00e1n, con todo mi amor de T\u00eda. &nbsp; Agradecimientos Gracias Dios por tus regalos en mi vida y por hacerlo todo posible.\u00a0 A Papi por ense\u00f1arme a creer en mi misma y a seguir mis sue\u00f1os siempre en grande, sos un modelo de superaci\u00f3n y excelencia, a Mami por el [&hellip;]<\/p>\n","protected":false},"author":1,"featured_media":0,"parent":0,"menu_order":5,"comment_status":"open","ping_status":"closed","template":"","meta":[],"_links":{"self":[{"href":"https:\/\/www.madeleinecr.com\/index.php?rest_route=\/wp\/v2\/pages\/10"}],"collection":[{"href":"https:\/\/www.madeleinecr.com\/index.php?rest_route=\/wp\/v2\/pages"}],"about":[{"href":"https:\/\/www.madeleinecr.com\/index.php?rest_route=\/wp\/v2\/types\/page"}],"author":[{"embeddable":true,"href":"https:\/\/www.madeleinecr.com\/index.php?rest_route=\/wp\/v2\/users\/1"}],"replies":[{"embeddable":true,"href":"https:\/\/www.madeleinecr.com\/index.php?rest_route=%2Fwp%2Fv2%2Fcomments&post=10"}],"version-history":[{"count":9,"href":"https:\/\/www.madeleinecr.com\/index.php?rest_route=\/wp\/v2\/pages\/10\/revisions"}],"predecessor-version":[{"id":74,"href":"https:\/\/www.madeleinecr.com\/index.php?rest_route=\/wp\/v2\/pages\/10\/revisions\/74"}],"wp:attachment":[{"href":"https:\/\/www.madeleinecr.com\/index.php?rest_route=%2Fwp%2Fv2%2Fmedia&parent=10"}],"curies":[{"name":"wp","href":"https:\/\/api.w.org\/{rel}","templated":true}]}}