{"id":12,"date":"2013-08-20T16:02:56","date_gmt":"2013-08-20T16:02:56","guid":{"rendered":"http:\/\/localhost\/madewp\/?page_id=12"},"modified":"2014-10-27T19:10:29","modified_gmt":"2014-10-27T19:10:29","slug":"cancionero","status":"publish","type":"page","link":"https:\/\/www.madeleinecr.com\/?page_id=12","title":{"rendered":"Cancionero"},"content":{"rendered":"<p>&nbsp;<\/p>\n<h3><b>1. \u00a0Nunca M\u00e1s<\/b><\/h3>\n<p>&nbsp;<\/p>\n<p>Al d\u00eda siguiente de colarme en tu mirada<\/p>\n<p>el sol brillaba diferente en mi ventana,<\/p>\n<p>encontr\u00e9 la inspiraci\u00f3n\u00a0al conocer tu coraz\u00f3n<\/p>\n<p>y tu sabor de piel me cautiv\u00f3\u00a0ya no le temo al ma\u00f1ana.<\/p>\n<p>Yo no quer\u00eda enamorarme f\u00e1cilmente<\/p>\n<p>y t\u00fa tampoco parec\u00edas tan anuente,<\/p>\n<p>pero luego sucedi\u00f3\u00a0que entr\u00f3 el romance en la ecuaci\u00f3n,<\/p>\n<p>ya no veo una salida,\u00a0no imagino despedida.<\/p>\n<p>&nbsp;<\/p>\n<p>Coro:<\/p>\n<p>Ya llega el d\u00eda,\u00a0yo no tengo prisa,<\/p>\n<p>t\u00fa tambi\u00e9n te has dado cuenta\u00a0que ya no quieres partir.<\/p>\n<p>Todo tiene un tiempo,\u00a0llegar\u00e1 el momento,<\/p>\n<p>de que tu amor sea solo m\u00edo,\u00a0de que me entregues tus sentidos<\/p>\n<p>y que al volver la vista atr\u00e1s\u00a0sonriendo logres aceptar<\/p>\n<p>que nunca m\u00e1s quieres volver\u00a0a aquellos d\u00edas\u00a0cuando viv\u00edas sin mi querer.<\/p>\n<p>&nbsp;<\/p>\n<p>Me has llenado la mente de cosas nuevas,<\/p>\n<p>y sin saberlo mis tristezas te las llevas,<\/p>\n<p>mi vida a tu alrededor\u00a0ha tomado un nuevo color,<\/p>\n<p>tu sonrisa me enamor\u00f3,\u00a0ha llegado mi primavera.<\/p>\n<p>&nbsp;<\/p>\n<p>Coro (bis).<\/p>\n<p>&nbsp;<\/p>\n<h3><b>2. \u00a0Tu Felicidad Lleg\u00f3<\/b><\/h3>\n<p>&nbsp;<\/p>\n<p>Nunca imagin\u00e9\u00a0ni en mis mejores fantas\u00edas<\/p>\n<p>que encontrar\u00eda junto a ti\u00a0las m\u00e1s tiernas alegr\u00edas.<\/p>\n<p>\u00bfQui\u00e9n habr\u00eda de pensar\u00a0que directo a quemarropa<\/p>\n<p>robar\u00edas mi coraz\u00f3n,\u00a0me volver\u00eda tu admiradora?<\/p>\n<p>Pero es tanta la atracci\u00f3n\u00a0que no me puedo concentrar<\/p>\n<p>necesito o\u00edr tu voz,\u00a0amo tu forma de besar.<\/p>\n<p>&nbsp;<\/p>\n<p>Coro:<\/p>\n<p>Dame una oportunidad,\u00a0de acercarme, enamorarte\u00a0y demostrar<\/p>\n<p>que esto no es ilusi\u00f3n,\u00a0que lo que sientes si es amor,<\/p>\n<p>escucha mis palabras por favor,\u00a0tu felicidad lleg\u00f3.<\/p>\n<p>&nbsp;<\/p>\n<p>No quiero ni pensar,\u00a0luego de tantas pesadillas<\/p>\n<p>que me falte alguna vez\u00a0tu abrazo o tu caricia.<\/p>\n<p>Y me obligo a creer\u00a0que este idilio es verdadero,<\/p>\n<p>que el cari\u00f1o que nos une\u00a0no puede ser s\u00f3lo un sue\u00f1o.<\/p>\n<p>Pero es tanta la pasi\u00f3n\u00a0que ya no puedo alimentar<\/p>\n<p>espejismos sin raz\u00f3n\u00a0d\u00e9jame amarte de verdad.<\/p>\n<p>&nbsp;<\/p>\n<p>Coro.<\/p>\n<p>&nbsp;<\/p>\n<p>Esto no es ilusi\u00f3n,\u00a0y lo que sientes si es amor,<\/p>\n<p>escucha mis palabras por favor&#8230;<\/p>\n<p>&nbsp;<\/p>\n<p>Coro.<\/p>\n<p>&nbsp;<\/p>\n<h3><b>3. \u00a0S\u00f3lo Quiero Que Me Quieras<\/b><\/h3>\n<p>&nbsp;<\/p>\n<p>Qu\u00e9 emoci\u00f3n es conocer\u00a0alguien que al fin comprenda bien<\/p>\n<p>el verso triste en mi canci\u00f3n\u00a0o las noticias de las seis.<\/p>\n<p>Desde siempre supe que\u00a0no ment\u00eda tu mirar<\/p>\n<p>y al abrir tu coraz\u00f3n\u00a0me ense\u00f1aste a confiar.<\/p>\n<p>No es preciso ni hablar\u00a0a\u00fan tienes que esperar<\/p>\n<p>que este amor crezca m\u00e1s fuerte\u00a0para juntos caminar.<\/p>\n<p>&nbsp;<\/p>\n<p>Coro:<\/p>\n<p>Yo s\u00f3lo quiero que me quieras,\u00a0que ilumines mis estrellas,<\/p>\n<p>no detengas mi so\u00f1ar,\u00a0yo estoy lista para amar.<\/p>\n<p>S\u00f3lo quiero que me quieras\u00a0y que por favor entiendas<\/p>\n<p>que sin ti\u00a0no vivo m\u00e1s,<\/p>\n<p>de este sue\u00f1o, de este sue\u00f1o (en que te beso),\u00a0ya no quiero despertar.<\/p>\n<p>&nbsp;<\/p>\n<p>Qu\u00e9 distinto conversar\u00a0cuando el inter\u00e9s es real,<\/p>\n<p>en tu sonrisa y tu llorar\u00a0yo te quisiera acompa\u00f1ar.<\/p>\n<p>Desde siempre supe que\u00a0ser\u00edas alguien especial<\/p>\n<p>y tu encanto me flech\u00f3\u00a0no hago m\u00e1s que suspirar.<\/p>\n<p>No es preciso ni hablar\u00a0a\u00fan tienes que intentar<\/p>\n<p>enfrentar estos temores\u00a0para juntos avanzar.<\/p>\n<p>&nbsp;<\/p>\n<p>Coro.<\/p>\n<p>&nbsp;<\/p>\n<h3><b>4. \u00a0Tu Coraz\u00f3n<\/b><\/h3>\n<p>&nbsp;<\/p>\n<p>Siento tus miedos\u00a0y s\u00f3lo quiero hacerte olvidar<\/p>\n<p>los malos momentos,\u00a0tanto sufrimiento\u00a0que has tenido que pasar.<\/p>\n<p>Tomo tus manos\u00a0y a\u00fan no logro interpretar<\/p>\n<p>si el brillo de tus ojos,\u00a0la energ\u00eda cuando te toco\u00a0es ilusi\u00f3n o es algo m\u00e1s.<\/p>\n<p>&nbsp;<\/p>\n<p>Coro:<\/p>\n<p>Te pido, no luches,\u00a0dime que mueres por abrazarme,<\/p>\n<p>conquistarme, enamorarme,\u00a0atraparme en tu pasi\u00f3n.<\/p>\n<p>Te pido, no luches,\u00a0dime que mueres por compartir<\/p>\n<p>cada sentimiento nuevo,\u00a0dime que t\u00fa tambi\u00e9n<\/p>\n<p>ya est\u00e1s listo para abrir tu coraz\u00f3n.<\/p>\n<p>&nbsp;<\/p>\n<p>Oigo tu risa,\u00a0has construido una muralla<\/p>\n<p>para proteger tu alma\u00a0m\u00e1s tu indiscreto coraz\u00f3n\u00a0ya no lo disfraza.<\/p>\n<p>&nbsp;<\/p>\n<p>Coro.<\/p>\n<p>&nbsp;<\/p>\n<p>Tu romance es una brasa\u00a0que consume mi interior,<\/p>\n<p>ya no vivo si me faltas,\u00a0quiero disfrutar tu amor.<\/p>\n<p>&nbsp;<\/p>\n<p>Coro.<\/p>\n<p>&nbsp;<\/p>\n<h3><b>5. \u00a0As\u00ed Se Siente<\/b><\/h3>\n<p>&nbsp;<\/p>\n<p>Nada detendr\u00e1 mis sentimientos,<\/p>\n<p>nada impedir\u00e1 que vuelva a so\u00f1ar,<\/p>\n<p>yo quiero disfrutar de este romance<\/p>\n<p>y vivir esta alegr\u00eda\u00a0que he encontrado en tu\u00a0mirar<\/p>\n<p>y no pensar en las tristezas del pasado<\/p>\n<p>cuando cre\u00eda que no hab\u00eda\u00a0luz para mi oscuridad,<\/p>\n<p>me has devuelto la esperanza y la ilusi\u00f3n.<\/p>\n<p>T\u00fa quieres gritar tu fortuna al mundo entero,<\/p>\n<p>y yo quiero gritar, que yo tambi\u00e9n te quiero.<\/p>\n<p>Coro:<\/p>\n<p>Porque as\u00ed se siente el amor verdadero,<\/p>\n<p>as\u00ed se siente cuando empiezas a confiar,<\/p>\n<p>primero crees que es un sue\u00f1o,<\/p>\n<p>una ilusi\u00f3n o fantas\u00eda,<\/p>\n<p>luego no logras olvidar<\/p>\n<p>su sonrisa,\u00a0su caricia y su mirar.<\/p>\n<p>As\u00ed se siente el amor verdadero,<\/p>\n<p>as\u00ed se siente cuando logras encontrar<\/p>\n<p>un coraz\u00f3n que te comprende,<\/p>\n<p>que te apoya y te defiende,<\/p>\n<p>y te promete caminar<\/p>\n<p>de tu mano hacia el futuro\u00a0y sin dudar.<\/p>\n<p>Nada atentar\u00e1 contra mi sue\u00f1os,<\/p>\n<p>nada lograr\u00e1 hacerme renunciar,<\/p>\n<p>yo quiero saborear tus emociones,<\/p>\n<p>y absorber esta energ\u00eda\u00a0de toda esta intimidad<\/p>\n<p>y respirar el aire puro de tus besos,<\/p>\n<p>que me han dado un gran aliento<\/p>\n<p>para un nuevo comenzar,<\/p>\n<p>yo siento que me he vuelto a enamorar.<\/p>\n<p>T\u00fa quieres gritar tu fortuna al mundo entero,<\/p>\n<p>y yo quiero gritar, que yo tambi\u00e9n te quiero.<\/p>\n<p>Coro.<\/p>\n<p>&nbsp;<\/p>\n<h3><b>6. \u00a0No Digas Nada<\/b><\/h3>\n<p>&nbsp;<\/p>\n<p>No digas nada,\u00a0que a pesar de un error\u00a0no muere el amor\u00a0que nos une por siempre.<\/p>\n<p>No digas nada,\u00a0y aunque es largo el camino\u00a0sabr\u00e1s regresar<\/p>\n<p>y yo sabr\u00e9 esperar\u00a0con los brazos abiertos.<\/p>\n<p>No digas nada,\u00a0te mirar\u00e9 a los ojos,\u00a0te hablar\u00e9 con los gestos\u00a0y bastar\u00e1 con un gui\u00f1o,<\/p>\n<p>revivir\u00e1 la ilusi\u00f3n,\u00a0te llenar\u00e9 de cari\u00f1o.<\/p>\n<p>&nbsp;<\/p>\n<p>Coro:<\/p>\n<p>Y cuando dices lejos m\u00e1s cerca estoy\u00a0y si dices odio es cuando m\u00e1s amor siento.<\/p>\n<p>Y cuando dices noche m\u00e1s brilla el sol\u00a0sobre este camino a mi coraz\u00f3n\u00a0mientras ceden tus miedos.<\/p>\n<p>(bis).<\/p>\n<p>&nbsp;<\/p>\n<p>No digas nada,\u00a0y aunque es largo el camino\u00a0sabr\u00e1s regresar<\/p>\n<p>y yo sabr\u00e9 esperar\u00a0con los brazos abiertos.<\/p>\n<p>No digas nada,\u00a0te mirar\u00e9 a los ojos,\u00a0te hablar\u00e9 con los gestos\u00a0y bastar\u00e1 con un gui\u00f1o,<\/p>\n<p>revivir\u00e1 la ilusi\u00f3n,\u00a0te llenar\u00e9 de cari\u00f1o.<\/p>\n<p>&nbsp;<\/p>\n<p>Coro (bis).<\/p>\n<p>&nbsp;<\/p>\n<p>No digas nada\u00a0al mirarte a los ojos<\/p>\n<p>no tendr\u00e1s que hablar,\u00a0ni siquiera murmurar,<\/p>\n<p>igual me amar\u00e1s.<\/p>\n<p>&nbsp;<\/p>\n<h3><b>7. \u00a0Vencer\u00e1s<\/b><\/h3>\n<p>&nbsp;<\/p>\n<p>Que alegr\u00eda conocer\u00a0de tu llegada a mi vida,<\/p>\n<p>te esper\u00e9 desde el principio\u00a0con orgullo e ilusi\u00f3n.<\/p>\n<p>Que milagro m\u00e1s perfecto,\u00a0cada c\u00e9lula en tu cuerpo,<\/p>\n<p>tu sonrisa y tu mirada\u00a0cautivaron mi raz\u00f3n.<\/p>\n<p>&nbsp;<\/p>\n<p>Y poco a poco vas creciendo,\u00a0un tanto menos dependiendo,<\/p>\n<p>de mis manos que ayudaban\u00a0a ense\u00f1arte a caminar.<\/p>\n<p>Y poco a poco vas andando,\u00a0y cada d\u00eda aprendiendo<\/p>\n<p>que a pesar de los problemas\u00a0debes volverte a levantar.<\/p>\n<p>&nbsp;<\/p>\n<p>Coro:<\/p>\n<p>Y luchar de verdad\u00a0por vencer a pesar<\/p>\n<p>de los obst\u00e1culos que encuentres\u00a0nunca debes renunciar.<\/p>\n<p>Y lograr alcanzar\u00a0todos tus sue\u00f1os sin dudar<\/p>\n<p>cada meta es un reto\u00a0que al final superar\u00e1s,<\/p>\n<p>y cada l\u00e1grima un trofeo\u00a0no te rindas: vencer\u00e1s!<\/p>\n<p>&nbsp;<\/p>\n<p>Que regalo m\u00e1s hermoso\u00a0me da Dios cuando te miro,<\/p>\n<p>el amor que yo te tengo\u00a0llena entero el coraz\u00f3n.<\/p>\n<p>Que tesoro m\u00e1s valioso\u00a0es un hijo y su cari\u00f1o,<\/p>\n<p>no imagino yo mi vida\u00a0sin tu risa y tu so\u00f1ar.<\/p>\n<p>&nbsp;<\/p>\n<p>Y poco a poco vas creciendo,\u00a0un tanto menos dependiendo,<\/p>\n<p>de mis manos que ayudaban\u00a0a ense\u00f1arte a caminar.<\/p>\n<p>Y poco a poco vas andando,\u00a0y cada d\u00eda aprendiendo<\/p>\n<p>que a pesar de los problemas\u00a0debes volverte a levantar.<\/p>\n<p>&nbsp;<\/p>\n<p>Coro.<\/p>\n<p>&nbsp;<\/p>\n<p>Y cada l\u00e1grima un trofeo,\u00a0no te rindas&#8230;. Vencer\u00e1s,<\/p>\n<p>T\u00fa Vencer\u00e1s!!<\/p>\n<p>&nbsp;<\/p>\n<h3><b>8. \u00a0Volver A Caminar<\/b><\/h3>\n<p>&nbsp;<\/p>\n<p>A veces un final no es el final,<\/p>\n<p>a veces es la puerta a una aventura.<\/p>\n<p>A veces un fracaso no es fatal,<\/p>\n<p>si logras mantener intacta tu cordura.<\/p>\n<p>A veces un rechazo no es tan duro de aceptar<\/p>\n<p>si entiendes que al final encontrar\u00e1s tu libertad.<\/p>\n<p>A veces un desprecio no te debe doblegar,<\/p>\n<p>conf\u00eda en tus instintos y no dudes en brillar.<\/p>\n<p>Coro:<\/p>\n<p>Y despu\u00e9s de la tormenta\u00a0al mirar de nuevo atr\u00e1s,<\/p>\n<p>reconoces que no hay m\u00e1s que lamentar,<\/p>\n<p>poco a poco va volviendo\u00a0la energ\u00eda y el valor<\/p>\n<p>para secar esa l\u00e1grima y volver a comenzar<\/p>\n<p>y lentamente volver a caminar.<\/p>\n<p>&nbsp;<\/p>\n<p>A veces estar solo no es tan malo como crees,<\/p>\n<p>si quieres encontrar un nuevo amor y renacer,<\/p>\n<p>a veces es preciso sentir y padecer,<\/p>\n<p>alguna pena que te ayude a comprender.<\/p>\n<p>Coro.<\/p>\n<p>Tantas experiencias, nuevas coincidencias,<\/p>\n<p>el regalo de la vida lo mereces de verdad,<\/p>\n<p>a pesar del sufrimiento, la tristeza y soledad,<\/p>\n<p>lev\u00e1ntate impaciente\u00a0para volver a comenzar<\/p>\n<p>y \u00a0lentamente volver a caminar.<\/p>\n<p>Coro.<\/p>\n<p>&nbsp;<\/p>\n<h3><b>9. \u00a0Respuestas<\/b><\/h3>\n<p>&nbsp;<\/p>\n<p>Te voy a contar un secreto\u00a0pues guardarlo me quita la paz<\/p>\n<p>y ya he comprobado en tus besos\u00a0que tienes amor para dar.<\/p>\n<p>Yo quiero alzar la mirada\u00a0y encontrar en tus ojos un mar<\/p>\n<p>de respuestas a tantas preguntas\u00a0que surgen sin ganas de mirar atr\u00e1s.<\/p>\n<p>&nbsp;<\/p>\n<p>Coro:<\/p>\n<p>El tiempo ser\u00e1 nuestro aliado.\u00a0El tiempo alg\u00fan d\u00eda dir\u00e1<\/p>\n<p>si es preciso tomar decisiones\u00a0si conviene entregarnos sin m\u00e1s,<\/p>\n<p>el peligro de dos corazones que eligen amar.<\/p>\n<p>&nbsp;<\/p>\n<p>Yo quiero alzar la mirada\u00a0y encontrar en tus ojos un mar<\/p>\n<p>de respuestas a tantas preguntas\u00a0que surgen sin ganas de mirar atr\u00e1s.<\/p>\n<p>&nbsp;<\/p>\n<p>Coro.<\/p>\n<p>&nbsp;<\/p>\n<p>Te voy a contar una historia,\u00a0sin \u00e1nimo de especular<\/p>\n<p>pues conozco muy bien su principio,\u00a0m\u00e1s no s\u00e9 cu\u00e1l ser\u00e1 su final.<\/p>\n<p>&nbsp;<\/p>\n<h3><b>10. \u00bfD\u00f3nde Fue El Amor?<\/b><\/h3>\n<p>&nbsp;<\/p>\n<p>Fuiste una visi\u00f3n\u00a0que quiz\u00e1s imagin\u00e9,<\/p>\n<p>pero en mi coraz\u00f3n\u00a0fue lo que siempre so\u00f1\u00e9.<\/p>\n<p>Talvez fuiste una ilusi\u00f3n\u00a0y ya me acostumbrar\u00e9<\/p>\n<p>a la ausencia de tu voz\u00a0pero jam\u00e1s te olvidar\u00e9.<\/p>\n<p>&nbsp;<\/p>\n<p>A la larga esta pasi\u00f3n\u00a0no deb\u00eda suceder<\/p>\n<p>si el destino ya est\u00e1 escrito\u00a0no es posible ir contra \u00e9l.<\/p>\n<p>Coro:<\/p>\n<p>\u00bfD\u00f3nde fue el amor\u00a0que un d\u00eda te entregu\u00e9?<\/p>\n<p>\u00bfD\u00f3nde se extravi\u00f3\u00a0el coraz\u00f3n que te obsequi\u00e9?<\/p>\n<p>Pues te miro a los ojos\u00a0y no reconozco en ti<\/p>\n<p>al hombre que el d\u00eda de ayer\u00a0me hac\u00eda feliz.<\/p>\n<p>&nbsp;<\/p>\n<p>El tiempo te cambi\u00f3\u00a0y no pude comprender<\/p>\n<p>qu\u00e9 pas\u00f3 en nuestras vidas\u00a0me dejaste de querer.<\/p>\n<p>Tu sonrisa se apag\u00f3\u00a0tu caricia extra\u00f1ar\u00e9<\/p>\n<p>pero el vac\u00edo que has dejado creo que nunca llenar\u00e9.<\/p>\n<p>A la larga&#8230;<\/p>\n<p>Coro.<\/p>\n<p>&nbsp;<\/p>\n<h3><b>11. Aqu\u00ed Es Tu Lugar<\/b><\/h3>\n<p>&nbsp;<\/p>\n<p>Esc\u00fachame un minuto m\u00e1s\u00a0y mira en mi interior,<\/p>\n<p>hace tiempo que no siento\u00a0esta complicidad, amor.<\/p>\n<p>No te has dado cuenta,\u00a0que he perdido la raz\u00f3n,<\/p>\n<p>desde que entraste en mi vida,\u00a0es tuyo mi coraz\u00f3n.<\/p>\n<p>&nbsp;<\/p>\n<p>Es in\u00fatil como intentas postergar la decisi\u00f3n,<\/p>\n<p>pero es tarde pues ya he visto\u00a0en tus ojos la pasi\u00f3n.<\/p>\n<p>&nbsp;<\/p>\n<p>Coro:<\/p>\n<p>Qu\u00e9date, nada m\u00e1s,\u00a0sin preguntas, sin dudar,<\/p>\n<p>y al final aceptar\u00e1s\u00a0que aqu\u00ed es tu lugar.<\/p>\n<p>Qu\u00e9date, nada m\u00e1s,\u00a0creo que ya no hay marcha atr\u00e1s,<\/p>\n<p>que dif\u00edcil se hace respirar\u00a0si t\u00fa no est\u00e1s.<\/p>\n<p>&nbsp;<\/p>\n<p>Tu sonrisa me derrite,\u00a0no comprendo mi reacci\u00f3n,<\/p>\n<p>s\u00f3lo s\u00e9 que cuando faltas\u00a0se me va la inspiraci\u00f3n.<\/p>\n<p>Y aunque trato de evitar\u00a0que notes esta confusi\u00f3n,<\/p>\n<p>nada logro pues tus besos\u00a0son mi dulce tentaci\u00f3n.<\/p>\n<p>&nbsp;<\/p>\n<p>Ati\u00e9ndeme un segundo m\u00e1s\u00a0y escucha la verdad,<\/p>\n<p>como quieres que te explique\u00a0que esta ilusi\u00f3n no va a acabar?<\/p>\n<p>&nbsp;<\/p>\n<p>Coro.<\/p>\n<p>&nbsp;<\/p>\n<p>Es in\u00fatil como intentas postergar la decisi\u00f3n,<\/p>\n<p>pero es tarde pues ya he visto\u00a0en tus ojos la pasi\u00f3n.<\/p>\n<p>&nbsp;<\/p>\n<p>Coro.<\/p>\n<p>&nbsp;<\/p>\n<p>Que dif\u00edcil se me hace respirar\u00a0si t\u00fa no est\u00e1s&#8230;<\/p>\n<p>&nbsp;<\/p>\n<h3><b>12. Tu Respuesta Ser\u00e1 Mi Amor<\/b><\/h3>\n<p>&nbsp;<\/p>\n<p>No probabas las caricias\u00a0desde mucho tiempo atr\u00e1s,<\/p>\n<p>te mezclabas, sonre\u00edas,\u00a0pero sin ir m\u00e1s all\u00e1.<\/p>\n<p>Y te hab\u00edas retra\u00eddo,\u00a0por temor a fracasar,<\/p>\n<p>olvidando aquel sue\u00f1o de enamorarte de verdad.<\/p>\n<p>&nbsp;<\/p>\n<p>Luego fuiste cayendo\u00a0en soledades sin afecto,<\/p>\n<p>alejando el coraz\u00f3n\u00a0del riesgo de una decepci\u00f3n.<\/p>\n<p>&nbsp;<\/p>\n<p>Coro:<\/p>\n<p>Y yo con tanto cari\u00f1o para dar,\u00a0no creo que te sea f\u00e1cil olvidar<\/p>\n<p>experiencias lejanas\u00a0y mostrarme al fin tu alma,<\/p>\n<p>la respuesta a tu tristeza y tu dolor,\u00a0ser\u00e1 mi amor.<\/p>\n<p>&nbsp;<\/p>\n<p>Y ahora surge entre nosotros\u00a0algo m\u00e1s que una amistad,<\/p>\n<p>no lo niegues, no me alejes,\u00a0no me hagas renunciar.<\/p>\n<p>Dame un comp\u00e1s de espera,\u00a0intentar\u00e9 aliviar tus penas<\/p>\n<p>y as\u00ed demostrarte hoy\u00a0que es verdad esta pasi\u00f3n.<\/p>\n<p>&nbsp;<\/p>\n<p>Coro (bis).<\/p>\n<p>&nbsp;<\/p>\n","protected":false},"excerpt":{"rendered":"<p>&nbsp; 1. \u00a0Nunca M\u00e1s &nbsp; Al d\u00eda siguiente de colarme en tu mirada el sol brillaba diferente en mi ventana, encontr\u00e9 la inspiraci\u00f3n\u00a0al conocer tu coraz\u00f3n y tu sabor de piel me cautiv\u00f3\u00a0ya no le temo al ma\u00f1ana. Yo no quer\u00eda enamorarme f\u00e1cilmente y t\u00fa tampoco parec\u00edas tan anuente, pero luego sucedi\u00f3\u00a0que entr\u00f3 el romance [&hellip;]<\/p>\n","protected":false},"author":1,"featured_media":0,"parent":0,"menu_order":3,"comment_status":"open","ping_status":"closed","template":"full-page.php","meta":[],"_links":{"self":[{"href":"https:\/\/www.madeleinecr.com\/index.php?rest_route=\/wp\/v2\/pages\/12"}],"collection":[{"href":"https:\/\/www.madeleinecr.com\/index.php?rest_route=\/wp\/v2\/pages"}],"about":[{"href":"https:\/\/www.madeleinecr.com\/index.php?rest_route=\/wp\/v2\/types\/page"}],"author":[{"embeddable":true,"href":"https:\/\/www.madeleinecr.com\/index.php?rest_route=\/wp\/v2\/users\/1"}],"replies":[{"embeddable":true,"href":"https:\/\/www.madeleinecr.com\/index.php?rest_route=%2Fwp%2Fv2%2Fcomments&post=12"}],"version-history":[{"count":16,"href":"https:\/\/www.madeleinecr.com\/index.php?rest_route=\/wp\/v2\/pages\/12\/revisions"}],"predecessor-version":[{"id":568,"href":"https:\/\/www.madeleinecr.com\/index.php?rest_route=\/wp\/v2\/pages\/12\/revisions\/568"}],"wp:attachment":[{"href":"https:\/\/www.madeleinecr.com\/index.php?rest_route=%2Fwp%2Fv2%2Fmedia&parent=12"}],"curies":[{"name":"wp","href":"https:\/\/api.w.org\/{rel}","templated":true}]}}