{"id":2,"date":"2013-08-19T22:29:37","date_gmt":"2013-08-19T22:29:37","guid":{"rendered":"http:\/\/localhost\/madewp\/?page_id=2"},"modified":"2014-01-25T00:49:14","modified_gmt":"2014-01-25T00:49:14","slug":"sample-page","status":"publish","type":"page","link":"https:\/\/www.madeleinecr.com\/?page_id=2","title":{"rendered":"Biograf\u00eda"},"content":{"rendered":"<p>&nbsp;<\/p>\n<p>Madeleine nace un 22 de Junio de 1975 en San Jos\u00e9, Costa Rica. \u00a0Sus padres Elizabeth y Carlos vieron en ella desde muy peque\u00f1a un gusto especial por la m\u00fasica y el canto. Naciendo en una familia muy talentosa, con una madre que escribe poes\u00eda y es pintora y un padre experto en el arte de esculpir cuerpos mediante la cirug\u00eda pl\u00e1stica, no era de extra\u00f1ar que todos los hijos tuvieran diferentes virtudes que ir\u00edan desarrollando con los a\u00f1os. \u00a0A los 11 a\u00f1os inici\u00f3 estudios en flauta dulce en su escuela primaria y a los 14 a\u00f1os se interes\u00f3 en la guitarra y el \u00f3rgano cuando su madre comenz\u00f3 a recibir lecciones que luego del colegio le ense\u00f1aba a ella y a su hermano menor Alejandro, quien posteriormente se convertir\u00eda en percusionista de la banda de su colegio y tambi\u00e9n experimentar\u00eda como guitarrista y pianista aficionado. \u00a0Por su parte, su hermana menor Arlene luego incursionar\u00eda en el clarinete, tambi\u00e9n en la banda de su colegio.<\/p>\n<p>Siendo su padre un reconocido cirujano, su carrera motiv\u00f3 a Madeleine a estudiar Medicina y convertirse posteriormente en cirujana pl\u00e1stica, lo cual le alej\u00f3 moment\u00e1neamente de la m\u00fasica y de su gran pasi\u00f3n, la composici\u00f3n musical.<\/p>\n<p>&#8220;Desde peque\u00f1a so\u00f1aba con hacer mis propias canciones, pero sent\u00eda que no ten\u00eda nada que contar, que me faltaba inspiraci\u00f3n o temas de los cuales sacar una canci\u00f3n. \u00a0Pero conforme fui creciendo, la vida se encarg\u00f3 de llenar mis d\u00edas de sucesos importantes, algunos muy fuertes, que poco a poco fueron poblando mi mente de temas para componer, temas de todos los d\u00edas, circunstancias que nos pasan a todos los seres humanos&#8221;.<\/p>\n<p>Fue as\u00ed como, despu\u00e9s de quedar viuda al perder a su esposo en un accidente de tr\u00e1nsito, Madeleine comienza a componer canciones con arreglos musicales muy b\u00e1sicos creados en una computadora con el programa GarageBand. \u00a0Los temas iniciales eran de motivaci\u00f3n y esperanza que fue guardando celosamente, creyendo que era material sin valor. \u00a0En el 2008 inicia una relaci\u00f3n amorosa que no se pudo concretar pero que le dio la inspiraci\u00f3n necesaria para escribir sobre el amor y nuevas oportunidades, recopilando finalmente 13 canciones que a\u00fan no se atrev\u00eda a hacer p\u00fablicas.<\/p>\n<p>&#8220;Hasta que un d\u00eda me decid\u00ed a hablar de mis canciones con Celso Cruz, amigo guitarrista y compositor, quien me explic\u00f3 c\u00f3mo inscribir canciones a mi nombre en ACAM para resguardar los derechos de autor. \u00a0\u00c9l me pregunt\u00f3 si quer\u00eda inscribir una canci\u00f3n, y yo le respond\u00ed que para ese momento ya ten\u00eda 13 canciones y no sab\u00eda qu\u00e9 hacer con ellas. \u00a0Muy sorprendido me pidi\u00f3 escucharlas y luego me dijo que no deb\u00eda mantenerlas m\u00e1s tiempo en secreto, que pod\u00eda hacerlas p\u00fablicas porque le parec\u00eda que eran buen material. \u00a0Me present\u00f3 a Mario Castro, arreglista, y fue as\u00ed como naci\u00f3 el proyecto del disco. \u00a0Por medio de Mario conoc\u00ed a Juan Jos\u00e9 Molina, de MC Estudio, quien termina de darle forma a la propuesta mediante nuevos arreglos musicales y la grabaci\u00f3n, edici\u00f3n y masterizaci\u00f3n de los temas.&#8221;<\/p>\n<p>De esta forma Madeleine re\u00fane 12 canciones originales para su disco debut &#8220;Volver a Caminar&#8221;. \u00a0&#8220;Ha sido un tiempo de grandes experiencias y\u00a0\u00a0mucho aprendizaje, nunca me imagin\u00e9 que un proyecto de este tipo tardara tanto tiempo en concretarse, comenc\u00e9 en Abril del 2012 y posiblemente salga a la venta el 1 de noviembre, 2013. \u00a0Verlo nacer ha sido un gran logro de muchos a\u00f1os de espera, un sue\u00f1o convertido en realidad.&#8221;<\/p>\n<p>&#8220;Inicialmente eran 13 temas, pero no me atrev\u00ed a dejar ese n\u00famero (risas). \u00a0Estoy acostumbrada a planear el siguiente paso de todos mis proyectos \u00a0y la \u00faltima pieza mejor la dej\u00e9 para mi pr\u00f3ximo CD que se llama Llegar\u00e1s, ya estoy completando la etapa de composici\u00f3n musical de 12 temas nuevos y quisiera empezar pronto la etapa de arreglos musicales. \u00a0Pero por ahora estoy disfrutando la salida de Volver a Caminar, el marketing y la difusi\u00f3n en redes sociales y en la radio nacional e internacional, que es otro proceso lleno de retos y satisfacciones.&#8221;<\/p>\n<p>&#8220;Es interesante c\u00f3mo da vueltas el mundo, mi padre siempre ha pensado que los m\u00fasicos en Costa Rica no tienen buenas oportunidades para salir adelante y ese enfoque creo que me ayud\u00f3 a convertirme en m\u00e9dico, lo cual me llena de grandes satisfacciones y me emociona mucho, pero el destino luego me fue llevando a la m\u00fasica nuevamente y sin darme cuenta se fue cristalizando esta iniciativa de compartir mi m\u00fasica con la gente.&#8221;<\/p>\n<p>Al hablar de la vida, Madeleine muestra su gran perseverancia, su resiliencia y su confianza en un ma\u00f1ana mejor.<\/p>\n<p>&#8220;Despu\u00e9s de muchas experiencias dolorosas, te das cuenta que la vida no espera a nadie, que las cosas buenas y malas te pasan y todo en el mundo sigue igual, y por m\u00e1s dif\u00edciles que sean esas situaciones hay que aprender a levantarse, de ah\u00ed nace la canci\u00f3n Volver a Caminar.&#8221;<\/p>\n<p>&#8220;Me parece que las personas pueden sentirse identificadas con mi m\u00fasica porque todos pasamos por las mismas luchas y pruebas de fuego, las mismas frustraciones, \u00e9xitos y fracasos, amores y desamores, sue\u00f1os por cumplir, hijos que criar, el dolor de una enfermedad, en fin tantas cosas y al final, todos queremos saber que vamos a lograr nuestras metas y sue\u00f1os, que es posible despu\u00e9s de una terrible ca\u00edda, levantarse nuevamente y Volver a Caminar. &#8220;<\/p>\n","protected":false},"excerpt":{"rendered":"<p>&nbsp; Madeleine nace un 22 de Junio de 1975 en San Jos\u00e9, Costa Rica. \u00a0Sus padres Elizabeth y Carlos vieron en ella desde muy peque\u00f1a un gusto especial por la m\u00fasica y el canto. Naciendo en una familia muy talentosa, con una madre que escribe poes\u00eda y es pintora y un padre experto en el [&hellip;]<\/p>\n","protected":false},"author":1,"featured_media":0,"parent":0,"menu_order":6,"comment_status":"open","ping_status":"closed","template":"","meta":[],"_links":{"self":[{"href":"https:\/\/www.madeleinecr.com\/index.php?rest_route=\/wp\/v2\/pages\/2"}],"collection":[{"href":"https:\/\/www.madeleinecr.com\/index.php?rest_route=\/wp\/v2\/pages"}],"about":[{"href":"https:\/\/www.madeleinecr.com\/index.php?rest_route=\/wp\/v2\/types\/page"}],"author":[{"embeddable":true,"href":"https:\/\/www.madeleinecr.com\/index.php?rest_route=\/wp\/v2\/users\/1"}],"replies":[{"embeddable":true,"href":"https:\/\/www.madeleinecr.com\/index.php?rest_route=%2Fwp%2Fv2%2Fcomments&post=2"}],"version-history":[{"count":20,"href":"https:\/\/www.madeleinecr.com\/index.php?rest_route=\/wp\/v2\/pages\/2\/revisions"}],"predecessor-version":[{"id":109,"href":"https:\/\/www.madeleinecr.com\/index.php?rest_route=\/wp\/v2\/pages\/2\/revisions\/109"}],"wp:attachment":[{"href":"https:\/\/www.madeleinecr.com\/index.php?rest_route=%2Fwp%2Fv2%2Fmedia&parent=2"}],"curies":[{"name":"wp","href":"https:\/\/api.w.org\/{rel}","templated":true}]}}