{"id":65,"date":"2013-10-14T06:08:33","date_gmt":"2013-10-14T06:08:33","guid":{"rendered":"http:\/\/www.madeleinecr.com\/?page_id=65"},"modified":"2013-10-14T06:16:00","modified_gmt":"2013-10-14T06:16:00","slug":"origenes","status":"publish","type":"page","link":"https:\/\/www.madeleinecr.com\/?page_id=65","title":{"rendered":"Or\u00edgenes"},"content":{"rendered":"<p>&#8220;Para Enero del 2008 yo me acababa de liberar de una relaci\u00f3n muy cansada y m\u00e1gicamente conoc\u00ed a un hombre que se convirti\u00f3 en mi inspiraci\u00f3n. \u00a0Yo ten\u00eda mucha creatividad guardada, quer\u00eda escribir sobre el amor y volver a sentir ilusi\u00f3n y esta \u00e9poca fue perfecta para iniciar este proceso, a \u00e9l le encantaba la m\u00fasica y poco a poco le fui ense\u00f1ando las canciones acompa\u00f1adas de guitarra. \u00a0\u00a1Yo misma no sab\u00eda de d\u00f3nde sal\u00eda tanta inspiraci\u00f3n!<\/p>\n<p>Comenc\u00e9 a experimentar con el programa de computaci\u00f3n GarageBand y necesitaba canciones para probarlo, as\u00ed nacieron &#8220;Respuestas&#8221; y &#8220;Tu Coraz\u00f3n&#8221;. \u00a0De ese gran amor tambi\u00e9n nacieron las canciones\u00a0&#8220;Nunca M\u00e1s&#8221;, &#8220;Tu Felicidad Lleg\u00f3&#8221;, &#8220;S\u00f3lo Quiero Que Me Quieras&#8221;, &#8220;Aqu\u00ed Es Tu Lugar &#8220;, &#8220;As\u00ed Se Siente&#8221; y &#8220;Tu Respuesta Ser\u00e1 Mi Amor&#8221;. \u00a0Pero como todo lo bueno en esta vida, la relaci\u00f3n lleg\u00f3 a su fin 3 a\u00f1os despu\u00e9s, y as\u00ed surgi\u00f3 &#8220;\u00bfD\u00f3nde Fue El Amor?&#8221;.<\/p>\n<p>&#8220;Vencer\u00e1s&#8221; es una canci\u00f3n contada desde el punto de vista de un padre de familia, la cual surgi\u00f3 debido a la enfermedad de un ni\u00f1o muy especial de 14 a\u00f1os, quien luego de 3 a\u00f1os de lucha contra el c\u00e1ncer falleci\u00f3 a causa de esta terrible enfermedad.<\/p>\n<p>Hace algunos a\u00f1os, en la \u00e9poca de la universidad, yo escrib\u00eda poes\u00eda. \u00a0Buscando en un cuaderno encontr\u00e9 una poes\u00eda que se llama &#8220;No Digas Nada&#8221; que hab\u00eda escrito a un exnovio y me hab\u00eda gustado tanto que me guard\u00e9 una copia, a\u00f1os despu\u00e9s la convert\u00ed en la canci\u00f3n del mismo nombre donde habla de que los errores se pueden perdonar, que el amor verdadero sobrepasa todo. \u00a0Es una canci\u00f3n muy pegajosa, con un ritmo muy sabroso que te pone una sonrisa en la boca.<\/p>\n<p>La canci\u00f3n que da nombre al disco es &#8220;Volver A Caminar&#8221;, la cual la escrib\u00ed pensando en mi esposo fallecido en un accidente de tr\u00e1nsito en el a\u00f1o 2000 y en tantas otras cosas dif\u00edciles que me han pasado en la vida. \u00a0Es una canci\u00f3n de esperanza en un ma\u00f1ana mejor, de la b\u00fasqueda de un prop\u00f3sito para cada uno de nosotros, de la certeza que a pesar de las dificultades uno se puede levantar nuevamente y Volver a Caminar&#8230;&#8221;<\/p>\n<p>Madeleine<\/p>\n<p>&nbsp;<\/p>\n","protected":false},"excerpt":{"rendered":"<p>&#8220;Para Enero del 2008 yo me acababa de liberar de una relaci\u00f3n muy cansada y m\u00e1gicamente conoc\u00ed a un hombre que se convirti\u00f3 en mi inspiraci\u00f3n. \u00a0Yo ten\u00eda mucha creatividad guardada, quer\u00eda escribir sobre el amor y volver a sentir ilusi\u00f3n y esta \u00e9poca fue perfecta para iniciar este proceso, a \u00e9l le encantaba la [&hellip;]<\/p>\n","protected":false},"author":2,"featured_media":0,"parent":0,"menu_order":4,"comment_status":"open","ping_status":"closed","template":"","meta":[],"_links":{"self":[{"href":"https:\/\/www.madeleinecr.com\/index.php?rest_route=\/wp\/v2\/pages\/65"}],"collection":[{"href":"https:\/\/www.madeleinecr.com\/index.php?rest_route=\/wp\/v2\/pages"}],"about":[{"href":"https:\/\/www.madeleinecr.com\/index.php?rest_route=\/wp\/v2\/types\/page"}],"author":[{"embeddable":true,"href":"https:\/\/www.madeleinecr.com\/index.php?rest_route=\/wp\/v2\/users\/2"}],"replies":[{"embeddable":true,"href":"https:\/\/www.madeleinecr.com\/index.php?rest_route=%2Fwp%2Fv2%2Fcomments&post=65"}],"version-history":[{"count":3,"href":"https:\/\/www.madeleinecr.com\/index.php?rest_route=\/wp\/v2\/pages\/65\/revisions"}],"predecessor-version":[{"id":68,"href":"https:\/\/www.madeleinecr.com\/index.php?rest_route=\/wp\/v2\/pages\/65\/revisions\/68"}],"wp:attachment":[{"href":"https:\/\/www.madeleinecr.com\/index.php?rest_route=%2Fwp%2Fv2%2Fmedia&parent=65"}],"curies":[{"name":"wp","href":"https:\/\/api.w.org\/{rel}","templated":true}]}}